{"id":2,"date":"2017-07-21T18:33:08","date_gmt":"2017-07-21T18:33:08","guid":{"rendered":"http:\/\/dev.picolestudio.pe\/sanmartin-uat\/?page_id=2"},"modified":"2025-11-07T12:54:32","modified_gmt":"2025-11-07T17:54:32","slug":"portada","status":"publish","type":"page","link":"https:\/\/sanmartin.com\/en\/","title":{"rendered":"Portada"},"content":{"rendered":"","protected":false},"excerpt":{"rendered":"","protected":false},"author":8,"featured_media":0,"parent":0,"menu_order":0,"comment_status":"closed","ping_status":"open","template":"","meta":{"_acf_changed":false,"footnotes":""},"class_list":["post-2","page","type-page","status-publish","hentry"],"acf":[],"yoast_head":"<!-- This site is optimized with the Yoast SEO plugin v26.0 - https:\/\/yoast.com\/wordpress\/plugins\/seo\/ -->\n<title>Portada | San Mart\u00edn<\/title>\n<meta name=\"description\" content=\"M\u00e1s de 30 a\u00f1os ejecutando proyectos de operaci\u00f3n minera y construcci\u00f3n a nivel internacional.\" \/>\n<meta name=\"robots\" content=\"index, follow, max-snippet:-1, max-image-preview:large, max-video-preview:-1\" \/>\n<link rel=\"canonical\" href=\"https:\/\/sanmartin.com\/en\/\" \/>\n<meta property=\"og:locale\" content=\"en_US\" \/>\n<meta property=\"og:type\" content=\"article\" \/>\n<meta property=\"og:title\" content=\"Portada | San Mart\u00edn\" \/>\n<meta property=\"og:description\" content=\"M\u00e1s de 30 a\u00f1os ejecutando proyectos de operaci\u00f3n minera y construcci\u00f3n a nivel internacional.\" \/>\n<meta property=\"og:url\" content=\"https:\/\/sanmartin.com\/en\/\" \/>\n<meta property=\"og:site_name\" content=\"San Mart\u00edn\" \/>\n<meta property=\"article:modified_time\" content=\"2025-11-07T17:54:32+00:00\" \/>\n<meta name=\"twitter:card\" content=\"summary_large_image\" \/>\n<meta name=\"twitter:label1\" content=\"Est. reading time\" \/>\n\t<meta name=\"twitter:data1\" content=\"3 minutes\" \/>\n<script type=\"application\/ld+json\" class=\"yoast-schema-graph\">{\"@context\":\"https:\/\/schema.org\",\"@graph\":[{\"@type\":\"WebPage\",\"@id\":\"https:\/\/sanmartin.com\/en\/\",\"url\":\"https:\/\/sanmartin.com\/en\/\",\"name\":\"Portada | San Mart\u00edn\",\"isPartOf\":{\"@id\":\"https:\/\/sanmartin.com\/en\/#website\"},\"datePublished\":\"2017-07-21T18:33:08+00:00\",\"dateModified\":\"2025-11-07T17:54:32+00:00\",\"description\":\"M\u00e1s de 30 a\u00f1os ejecutando proyectos de operaci\u00f3n minera y construcci\u00f3n a nivel internacional.\",\"breadcrumb\":{\"@id\":\"https:\/\/sanmartin.com\/en\/#breadcrumb\"},\"inLanguage\":\"en-US\",\"potentialAction\":[{\"@type\":\"ReadAction\",\"target\":[[\"https:\/\/sanmartin.com\/en\/\"]]}]},{\"@type\":\"BreadcrumbList\",\"@id\":\"https:\/\/sanmartin.com\/en\/#breadcrumb\",\"itemListElement\":[{\"@type\":\"ListItem\",\"position\":1,\"name\":\"Portada\",\"item\":\"https:\/\/sanmartin.com\/en\/\"},{\"@type\":\"ListItem\",\"position\":2,\"name\":\"Portada\"}]},{\"@type\":\"WebSite\",\"@id\":\"https:\/\/sanmartin.com\/en\/#website\",\"url\":\"https:\/\/sanmartin.com\/en\/\",\"name\":\"San Mart\u00edn\",\"description\":\"More than 26 years executing construction, infrastructure and mining operation projects worldwide.\",\"potentialAction\":[{\"@type\":\"SearchAction\",\"target\":{\"@type\":\"EntryPoint\",\"urlTemplate\":\"https:\/\/sanmartin.com\/en\/?s={search_term_string}\"},\"query-input\":{\"@type\":\"PropertyValueSpecification\",\"valueRequired\":true,\"valueName\":\"search_term_string\"}}],\"inLanguage\":\"en-US\"}]}<\/script>\n<!-- \/ Yoast SEO plugin. -->","yoast_head_json":{"title":"Portada | San Mart\u00edn","description":"M\u00e1s de 30 a\u00f1os ejecutando proyectos de operaci\u00f3n minera y construcci\u00f3n a nivel internacional.","robots":{"index":"index","follow":"follow","max-snippet":"max-snippet:-1","max-image-preview":"max-image-preview:large","max-video-preview":"max-video-preview:-1"},"canonical":"https:\/\/sanmartin.com\/en\/","og_locale":"en_US","og_type":"article","og_title":"Portada | San Mart\u00edn","og_description":"M\u00e1s de 30 a\u00f1os ejecutando proyectos de operaci\u00f3n minera y construcci\u00f3n a nivel internacional.","og_url":"https:\/\/sanmartin.com\/en\/","og_site_name":"San Mart\u00edn","article_modified_time":"2025-11-07T17:54:32+00:00","twitter_card":"summary_large_image","twitter_misc":{"Est. reading time":"3 minutes"},"schema":{"@context":"https:\/\/schema.org","@graph":[{"@type":"WebPage","@id":"https:\/\/sanmartin.com\/en\/","url":"https:\/\/sanmartin.com\/en\/","name":"Portada | San Mart\u00edn","isPartOf":{"@id":"https:\/\/sanmartin.com\/en\/#website"},"datePublished":"2017-07-21T18:33:08+00:00","dateModified":"2025-11-07T17:54:32+00:00","description":"M\u00e1s de 30 a\u00f1os ejecutando proyectos de operaci\u00f3n minera y construcci\u00f3n a nivel internacional.","breadcrumb":{"@id":"https:\/\/sanmartin.com\/en\/#breadcrumb"},"inLanguage":"en-US","potentialAction":[{"@type":"ReadAction","target":[["https:\/\/sanmartin.com\/en\/"]]}]},{"@type":"BreadcrumbList","@id":"https:\/\/sanmartin.com\/en\/#breadcrumb","itemListElement":[{"@type":"ListItem","position":1,"name":"Portada","item":"https:\/\/sanmartin.com\/en\/"},{"@type":"ListItem","position":2,"name":"Portada"}]},{"@type":"WebSite","@id":"https:\/\/sanmartin.com\/en\/#website","url":"https:\/\/sanmartin.com\/en\/","name":"San Mart\u00edn","description":"More than 26 years executing construction, infrastructure and mining operation projects worldwide.","potentialAction":[{"@type":"SearchAction","target":{"@type":"EntryPoint","urlTemplate":"https:\/\/sanmartin.com\/en\/?s={search_term_string}"},"query-input":{"@type":"PropertyValueSpecification","valueRequired":true,"valueName":"search_term_string"}}],"inLanguage":"en-US"}]}},"jetpack_sharing_enabled":true,"_links":{"self":[{"href":"https:\/\/sanmartin.com\/en\/wp-json\/wp\/v2\/pages\/2","targetHints":{"allow":["GET"]}}],"collection":[{"href":"https:\/\/sanmartin.com\/en\/wp-json\/wp\/v2\/pages"}],"about":[{"href":"https:\/\/sanmartin.com\/en\/wp-json\/wp\/v2\/types\/page"}],"author":[{"embeddable":true,"href":"https:\/\/sanmartin.com\/en\/wp-json\/wp\/v2\/users\/8"}],"replies":[{"embeddable":true,"href":"https:\/\/sanmartin.com\/en\/wp-json\/wp\/v2\/comments?post=2"}],"version-history":[{"count":3,"href":"https:\/\/sanmartin.com\/en\/wp-json\/wp\/v2\/pages\/2\/revisions"}],"predecessor-version":[{"id":107343,"href":"https:\/\/sanmartin.com\/en\/wp-json\/wp\/v2\/pages\/2\/revisions\/107343"}],"wp:attachment":[{"href":"https:\/\/sanmartin.com\/en\/wp-json\/wp\/v2\/media?parent=2"}],"curies":[{"name":"wp","href":"https:\/\/api.w.org\/{rel}","templated":true}]}}